{"id":2,"date":"2014-06-03T12:35:18","date_gmt":"2014-06-03T12:35:18","guid":{"rendered":"http:\/\/williamsotosantiago.com\/?page_id=2"},"modified":"2021-06-03T02:49:12","modified_gmt":"2021-06-03T06:49:12","slug":"biografia","status":"publish","type":"page","link":"https:\/\/williamsotosantiago.com\/es\/biografia\/","title":{"rendered":"Biograf\u00eda"},"content":{"rendered":"<p><\/p>\n<p style=\"text-align: justify;\"><strong>William Soto Santiago <\/strong>naci\u00f3 en Puerto Rico, el 14 de junio de 1940. Es activista por la paz, humanista, te\u00f3logo y profesor investigador. Conferenciante internacional y Embajador de la entidad <em>Embajada Mundial de Activistas por la Paz<\/em>.<\/p>\n<p style=\"text-align: justify;\">Desde joven se destac\u00f3 por sus ideales de servicio a la humanidad y su ferviente anhelo en promover la construcci\u00f3n de una sociedad m\u00e1s justa, tolerante e inclusiva.<\/p>\n<p style=\"text-align: justify;\">Es Doctor en \u00a0Filosof\u00eda y Teolog\u00eda de la Universidad Internacional de Cambridge. Ha sido distinguido con el t\u00edtulo de <em>Doctor Honoris Causa<\/em> en Derechos Humanos, Humanidades y Ciencias de la Educaci\u00f3n, por distintas universidades.<\/p>\n<p style=\"text-align: justify;\"><strong>Video Perfil<\/strong><br \/>\n<div class=\"youtube_sc \" style=\"width:400px;height:249px;\"><noscript><style type=\"text\/css\">.youtube_sc iframe.yp{display:none;}<\/style><object width=\"400\" height=\"249\" class=\"yp\" title=\"YouTube video player\"><param name=\"movie\" value=\"http:\/\/www.youtube.com\/v\/_tns7z215Oc?version=3&amp;fs=1&amp;hd=1&amp;hl=en_US\"><param name=\"allowfullscreen\" value=\"true\"><param name=\"allowscriptaccess\" value=\"always\"><param name=\"wmode\" value=\"transparent\"><embed src=\"http:\/\/www.youtube.com\/v\/_tns7z215Oc?version=3&amp;fs=1&amp;hd=1&amp;hl=en_US\" width=\"400\" height=\"249\" class=\"yp\" type=\"application\/x-shockwave-flash\" wmode=\"transparent\" allowscriptaccess=\"always\" allowfullscreen=\"true\"><span style=\"display:block;margin-top:15px;\">The Adobe Flash Player is required for video playback.<br><a href=\"http:\/\/get.adobe.com\/flashplayer\/\" title=\"Install from Adobe\">Get the latest Flash Player<\/a> or <a href=\"http:\/\/www.youtube.com\/watch?v=_tns7z215Oc\" target=\"_blank\" title=\"Watch on YouTube\">Watch this video on YouTube<\/a>.<\/span><\/object><\/noscript><iframe src=\"http:\/\/www.youtube.com\/embed\/_tns7z215Oc?version=3&amp;fs=1&amp;hd=1&amp;wmode=transparent\" width=\"400\" height=\"249\" class=\"yp\" title=\"YouTube video player\" frameborder=\"0\" allowfullscreen><\/iframe><\/div><\/p>\n<p style=\"text-align: justify;\">Su trabajo como humanista y activista por la paz ha sido objeto de reconocimientos y distinciones otorgados por diferentes universidades, gobiernos, parlamentos de Am\u00e9rica Latina, comisiones de Educaci\u00f3n y Derechos Humanos, entre otros, incluyendo reconocimientos como\u00a0\u201cProfesor Em\u00e9rito\u201d, \u201cProfesor <em>Honoris Causa<\/em>\u201d, \u201cCiudadano Honorario\u201d,\u00a0\u201cVisitante Ilustre\u201d\u00a0y\u00a0\u201cHu\u00e9sped Distinguido\u201d\u00a0por mandatarios y congresos en m\u00faltiples pa\u00edses.<\/p>\n<p style=\"text-align: justify;\">El Dr. Soto Santiago ha participado como orador en distintos foros internacionales promoviendo la paz, la importancia de la educaci\u00f3n cimentada en valores y principios constitucionales, y la protecci\u00f3n de los derechos humanos. Su estudio se ha enfocado en la respuesta a la angustia existencial del ser humano, el origen del hombre, y su constituci\u00f3n integral a partir del alma, el esp\u00edritu y el cuerpo.<\/p>\n<p style=\"text-align: justify;\">Su vida dedicada a la investigaci\u00f3n y su trabajo por la paz, hacen del Dr. Soto un investigador proactivo, cuya teor\u00eda acerca de la importancia de educar al hombre en funci\u00f3n del respeto por la diversidad, minimiza la violencia y contribuye a la construcci\u00f3n de una sociedad inclusiva, justa y en paz, con proyectos cuyos resultados son visibles a nivel internacional.<\/p>\n<h4 style=\"text-align: center;\"><strong>Labor como <\/strong><strong>A<\/strong><strong>ctivista por la Paz<\/strong><\/h4>\n<p style=\"text-align: justify;\"><strong>\u00a0<\/strong>Para William Soto Santiago, la paz no es una utop\u00eda. La paz es m\u00e1s que un anhelo: es una necesidad, un derecho inalienable para todo ser humano.<\/p>\n<p style=\"text-align: justify;\">Desde temprana edad desarroll\u00f3 su visi\u00f3n como activista en favor de la familia humana, fundamentada en la necesidad de promover la paz integral en el ser humano, en la sociedad, en la naci\u00f3n y entre naciones. Seg\u00fan esta particular visi\u00f3n acerca de la paz integral, \u00e9sta tiene que ver con el alma, esp\u00edritu y cuerpo, los cuales est\u00e1n directamente interconectados.<\/p>\n<p style=\"text-align: justify;\">En su perspectiva, si el hombre alcanza la paz interior, la paz en el coraz\u00f3n, podr\u00e1 proyectarla y crecer en los diferentes aspectos de su vida; y as\u00ed contribuir a la construcci\u00f3n de caminos que lleven a la convivencia pac\u00edfica y arm\u00f3nica entre individuos y naciones.<\/p>\n<p style=\"text-align: justify;\">Su visi\u00f3n sobre la paz, la extiende a la vez a los pueblos y a las naciones. Esta labor como activista le ha permitido proponer, gestar y trabajar en proyectos y campa\u00f1as en el \u00e1rea de la Educaci\u00f3n, los Derechos Humanos, la justicia, la salud, la cultura, en el campo del di\u00e1logo interreligioso, en programas de capacitaci\u00f3n laboral para j\u00f3venes, y en la prevenci\u00f3n y resoluci\u00f3n pac\u00edfica de los conflictos.<\/p>\n<p><\/p>\n<!-- AddThis Advanced Settings generic via filter on the_content --><!-- AddThis Share Buttons generic via filter on the_content -->","protected":false},"excerpt":{"rendered":"<p>William Soto Santiago naci\u00f3 en Puerto Rico, el 14 de junio de 1940. Es activista por la paz, humanista, te\u00f3logo y profesor investigador. Conferenciante internacional y Embajador de la entidad Embajada Mundial de Activistas por la Paz. Desde joven se destac\u00f3 por sus ideales de servicio a la humanidad y <a href=\"https:\/\/williamsotosantiago.com\/es\/biografia\/\">&hellip; Leer m&aacute;s.<\/a><!-- AddThis Advanced Settings generic via filter on get_the_excerpt --><!-- AddThis Share Buttons generic via filter on get_the_excerpt --><\/p>\n","protected":false},"author":1,"featured_media":125,"parent":0,"menu_order":0,"comment_status":"closed","ping_status":"closed","template":"","meta":[],"_links":{"self":[{"href":"https:\/\/williamsotosantiago.com\/es\/wp-json\/wp\/v2\/pages\/2"}],"collection":[{"href":"https:\/\/williamsotosantiago.com\/es\/wp-json\/wp\/v2\/pages"}],"about":[{"href":"https:\/\/williamsotosantiago.com\/es\/wp-json\/wp\/v2\/types\/page"}],"author":[{"embeddable":true,"href":"https:\/\/williamsotosantiago.com\/es\/wp-json\/wp\/v2\/users\/1"}],"replies":[{"embeddable":true,"href":"https:\/\/williamsotosantiago.com\/es\/wp-json\/wp\/v2\/comments?post=2"}],"version-history":[{"count":55,"href":"https:\/\/williamsotosantiago.com\/es\/wp-json\/wp\/v2\/pages\/2\/revisions"}],"predecessor-version":[{"id":1237,"href":"https:\/\/williamsotosantiago.com\/es\/wp-json\/wp\/v2\/pages\/2\/revisions\/1237"}],"wp:featuredmedia":[{"embeddable":true,"href":"https:\/\/williamsotosantiago.com\/es\/wp-json\/wp\/v2\/media\/125"}],"wp:attachment":[{"href":"https:\/\/williamsotosantiago.com\/es\/wp-json\/wp\/v2\/media?parent=2"}],"curies":[{"name":"wp","href":"https:\/\/api.w.org\/{rel}","templated":true}]}}